{"id":1904,"date":"2023-06-15T15:47:37","date_gmt":"2023-06-15T15:47:37","guid":{"rendered":"https:\/\/nannaporter.com\/contact\/"},"modified":"2025-04-12T08:03:49","modified_gmt":"2025-04-12T08:03:49","slug":"contact","status":"publish","type":"page","link":"https:\/\/nannaporter.com\/fr\/contact\/","title":{"rendered":"Contact"},"content":{"rendered":"\t\t<div data-elementor-type=\"wp-page\" data-elementor-id=\"1904\" class=\"elementor elementor-1904 elementor-20\" data-elementor-post-type=\"page\">\n\t\t\t\t\t\t<section class=\"elementor-section elementor-top-section elementor-element elementor-element-85320e9 elementor-section-full_width elementor-section-height-min-height elementor-section-height-default elementor-section-items-middle\" data-id=\"85320e9\" data-element_type=\"section\" data-settings=\"{&quot;background_background&quot;:&quot;classic&quot;}\">\n\t\t\t\t\t\t<div class=\"elementor-container elementor-column-gap-default\">\n\t\t\t\t\t<div class=\"elementor-column elementor-col-100 elementor-top-column elementor-element elementor-element-5de796a\" data-id=\"5de796a\" data-element_type=\"column\">\n\t\t\t<div class=\"elementor-widget-wrap elementor-element-populated\">\n\t\t\t\t\t\t<div class=\"elementor-element elementor-element-02cd070 elementor-widget elementor-widget-heading\" data-id=\"02cd070\" data-element_type=\"widget\" data-widget_type=\"heading.default\">\n\t\t\t\t<div class=\"elementor-widget-container\">\n\t\t\t\t\t<h2 class=\"elementor-heading-title elementor-size-default\">\u00cates-vous pr\u00eat \u00e0<br>commencer un<br>programme d\u2019accompagnement NAP ?<\/h2>\t\t\t\t<\/div>\n\t\t\t\t<\/div>\n\t\t\t\t<div class=\"elementor-element elementor-element-30bed83 elementor-widget elementor-widget-text-editor\" data-id=\"30bed83\" data-element_type=\"widget\" data-widget_type=\"text-editor.default\">\n\t\t\t\t<div class=\"elementor-widget-container\">\n\t\t\t\t\t\t\t\t\t<p>Fixez un rdv telephonique gratuit avec nous<\/p>\t\t\t\t\t\t\t\t<\/div>\n\t\t\t\t<\/div>\n\t\t\t\t<div class=\"elementor-element elementor-element-72ff3de elementor-align-left elementor-widget elementor-widget-button\" data-id=\"72ff3de\" data-element_type=\"widget\" data-widget_type=\"button.default\">\n\t\t\t\t<div class=\"elementor-widget-container\">\n\t\t\t\t\t\t\t\t\t<div class=\"elementor-button-wrapper\">\n\t\t\t\t\t<a class=\"elementor-button elementor-button-link elementor-size-sm\" href=\"https:\/\/tidycal.com\/3z5xyw3\/chiamata-conoscitiva-percorsi-del-sonno\" target=\"_blank\">\n\t\t\t\t\t\t<span class=\"elementor-button-content-wrapper\">\n\t\t\t\t\t\t\t\t\t<span class=\"elementor-button-text\">Je suis pr\u00eat(e) !<\/span>\n\t\t\t\t\t<\/span>\n\t\t\t\t\t<\/a>\n\t\t\t\t<\/div>\n\t\t\t\t\t\t\t\t<\/div>\n\t\t\t\t<\/div>\n\t\t\t\t\t<\/div>\n\t\t<\/div>\n\t\t\t\t\t<\/div>\n\t\t<\/section>\n\t\t\t\t<section class=\"elementor-section elementor-top-section elementor-element elementor-element-a2ee8be elementor-section-content-middle elementor-section-boxed elementor-section-height-default elementor-section-height-default\" data-id=\"a2ee8be\" data-element_type=\"section\" data-settings=\"{&quot;background_background&quot;:&quot;classic&quot;}\">\n\t\t\t\t\t\t<div class=\"elementor-container elementor-column-gap-default\">\n\t\t\t\t\t<div class=\"elementor-column elementor-col-100 elementor-top-column elementor-element elementor-element-f68fad9\" data-id=\"f68fad9\" data-element_type=\"column\">\n\t\t\t<div class=\"elementor-widget-wrap elementor-element-populated\">\n\t\t\t\t\t\t<div class=\"elementor-element elementor-element-4af4e67 elementor-widget elementor-widget-heading\" data-id=\"4af4e67\" data-element_type=\"widget\" data-widget_type=\"heading.default\">\n\t\t\t\t<div class=\"elementor-widget-container\">\n\t\t\t\t\t<h2 class=\"elementor-heading-title elementor-size-default\">Avez-vous d\u2019autres questions ?<\/h2>\t\t\t\t<\/div>\n\t\t\t\t<\/div>\n\t\t\t\t<div class=\"elementor-element elementor-element-7230165 elementor-widget__width-initial elementor-widget elementor-widget-text-editor\" data-id=\"7230165\" data-element_type=\"widget\" data-widget_type=\"text-editor.default\">\n\t\t\t\t<div class=\"elementor-widget-container\">\n\t\t\t\t\t\t\t\t\t<p>Si vous souhaitez en savoir plus sur nos services ou prendre rendez-vous pour une consultation priv\u00e9e, n\u2019h\u00e9sitez pas \u00e0 nous contacter !<\/p>\t\t\t\t\t\t\t\t<\/div>\n\t\t\t\t<\/div>\n\t\t\t\t<div class=\"elementor-element elementor-element-f95c832 elementor-widget elementor-widget-text-editor\" data-id=\"f95c832\" data-element_type=\"widget\" data-widget_type=\"text-editor.default\">\n\t\t\t\t<div class=\"elementor-widget-container\">\n\t\t\t\t\t\t\t\t\t<p>Email<\/p>\t\t\t\t\t\t\t\t<\/div>\n\t\t\t\t<\/div>\n\t\t\t\t<div class=\"elementor-element elementor-element-36b5526 elementor-widget elementor-widget-text-editor\" data-id=\"36b5526\" data-element_type=\"widget\" data-widget_type=\"text-editor.default\">\n\t\t\t\t<div class=\"elementor-widget-container\">\n\t\t\t\t\t\t\t\t\t<p>info@nannaporter.com<\/p>\t\t\t\t\t\t\t\t<\/div>\n\t\t\t\t<\/div>\n\t\t\t\t<div class=\"elementor-element elementor-element-660e56c elementor-widget__width-initial elementor-button-align-stretch elementor-widget elementor-widget-form\" data-id=\"660e56c\" data-element_type=\"widget\" data-settings=\"{&quot;step_next_label&quot;:&quot;Next&quot;,&quot;step_previous_label&quot;:&quot;Previous&quot;,&quot;button_width&quot;:&quot;50&quot;,&quot;step_type&quot;:&quot;number_text&quot;,&quot;step_icon_shape&quot;:&quot;circle&quot;}\" data-widget_type=\"form.default\">\n\t\t\t\t<div class=\"elementor-widget-container\">\n\t\t\t\t\t\t\t<form class=\"elementor-form\" method=\"post\" name=\"New Form\" aria-label=\"New Form\">\n\t\t\t<input type=\"hidden\" name=\"post_id\" value=\"1904\"\/>\n\t\t\t<input type=\"hidden\" name=\"form_id\" value=\"660e56c\"\/>\n\t\t\t<input type=\"hidden\" name=\"referer_title\" value=\"Nanna A Porter\" \/>\n\n\t\t\t\n\t\t\t<div class=\"elementor-form-fields-wrapper elementor-labels-\">\n\t\t\t\t\t\t\t\t<div class=\"elementor-field-type-text elementor-field-group elementor-column elementor-field-group-name elementor-col-50 elementor-field-required\">\n\t\t\t\t\t\t\t\t\t\t\t\t<label for=\"form-field-name\" class=\"elementor-field-label elementor-screen-only\">\n\t\t\t\t\t\t\t\tPrenom\t\t\t\t\t\t\t<\/label>\n\t\t\t\t\t\t\t\t\t\t\t\t\t\t<input size=\"1\" type=\"text\" name=\"form_fields[name]\" id=\"form-field-name\" class=\"elementor-field elementor-size-md  elementor-field-textual\" placeholder=\"Prenom\" required=\"required\">\n\t\t\t\t\t\t\t\t\t\t\t<\/div>\n\t\t\t\t\t\t\t\t<div class=\"elementor-field-type-text elementor-field-group elementor-column elementor-field-group-field_1a42043 elementor-col-50 elementor-field-required\">\n\t\t\t\t\t\t\t\t\t\t\t\t<label for=\"form-field-field_1a42043\" class=\"elementor-field-label elementor-screen-only\">\n\t\t\t\t\t\t\t\tNom\t\t\t\t\t\t\t<\/label>\n\t\t\t\t\t\t\t\t\t\t\t\t\t\t<input size=\"1\" type=\"text\" name=\"form_fields[field_1a42043]\" id=\"form-field-field_1a42043\" class=\"elementor-field elementor-size-md  elementor-field-textual\" placeholder=\"Nom\" required=\"required\">\n\t\t\t\t\t\t\t\t\t\t\t<\/div>\n\t\t\t\t\t\t\t\t<div class=\"elementor-field-type-email elementor-field-group elementor-column elementor-field-group-field_fc18b07 elementor-col-100 elementor-field-required\">\n\t\t\t\t\t\t\t\t\t\t\t\t<label for=\"form-field-field_fc18b07\" class=\"elementor-field-label elementor-screen-only\">\n\t\t\t\t\t\t\t\tEmail\t\t\t\t\t\t\t<\/label>\n\t\t\t\t\t\t\t\t\t\t\t\t\t\t<input size=\"1\" type=\"email\" name=\"form_fields[field_fc18b07]\" id=\"form-field-field_fc18b07\" class=\"elementor-field elementor-size-md  elementor-field-textual\" placeholder=\"Email\" required=\"required\">\n\t\t\t\t\t\t\t\t\t\t\t<\/div>\n\t\t\t\t\t\t\t\t<div class=\"elementor-field-type-tel elementor-field-group elementor-column elementor-field-group-field_4f33735 elementor-col-100 elementor-field-required\">\n\t\t\t\t\t\t\t\t\t\t\t\t<label for=\"form-field-field_4f33735\" class=\"elementor-field-label elementor-screen-only\">\n\t\t\t\t\t\t\t\tNumero de telephone\t\t\t\t\t\t\t<\/label>\n\t\t\t\t\t\t\t\t<input size=\"1\" type=\"tel\" name=\"form_fields[field_4f33735]\" id=\"form-field-field_4f33735\" class=\"elementor-field elementor-size-md  elementor-field-textual\" placeholder=\"Numero de telephone\" required=\"required\" pattern=\"[0-9()#&amp;+*-=.]+\" title=\"Seuls les caract\u00e8res de num\u00e9ros de t\u00e9l\u00e9phone (#, -, *, etc.) sont accept\u00e9s.\">\n\n\t\t\t\t\t\t<\/div>\n\t\t\t\t\t\t\t\t<div class=\"elementor-field-type-text elementor-field-group elementor-column elementor-field-group-field_657f23a elementor-col-100\">\n\t\t\t\t\t\t\t\t\t\t\t\t<label for=\"form-field-field_657f23a\" class=\"elementor-field-label elementor-screen-only\">\n\t\t\t\t\t\t\t\tVille\t\t\t\t\t\t\t<\/label>\n\t\t\t\t\t\t\t\t\t\t\t\t\t\t<input size=\"1\" type=\"text\" name=\"form_fields[field_657f23a]\" id=\"form-field-field_657f23a\" class=\"elementor-field elementor-size-md  elementor-field-textual\" placeholder=\"Ville (optionnel)\">\n\t\t\t\t\t\t\t\t\t\t\t<\/div>\n\t\t\t\t\t\t\t\t<div class=\"elementor-field-type-text elementor-field-group elementor-column elementor-field-group-field_57055cf elementor-col-100\">\n\t\t\t\t\t\t\t\t\t\t\t\t<label for=\"form-field-field_57055cf\" class=\"elementor-field-label elementor-screen-only\">\n\t\t\t\t\t\t\t\tPrenom du bebe et age\t\t\t\t\t\t\t<\/label>\n\t\t\t\t\t\t\t\t\t\t\t\t\t\t<input size=\"1\" type=\"text\" name=\"form_fields[field_57055cf]\" id=\"form-field-field_57055cf\" class=\"elementor-field elementor-size-md  elementor-field-textual\" placeholder=\"Prenom du bebe et age (optionnel)\">\n\t\t\t\t\t\t\t\t\t\t\t<\/div>\n\t\t\t\t\t\t\t\t<div class=\"elementor-field-type-textarea elementor-field-group elementor-column elementor-field-group-field_0141726 elementor-col-100 elementor-field-required\">\n\t\t\t\t\t\t\t\t\t\t\t\t<label for=\"form-field-field_0141726\" class=\"elementor-field-label elementor-screen-only\">\n\t\t\t\t\t\t\t\tMessage\t\t\t\t\t\t\t<\/label>\n\t\t\t\t\t\t<textarea class=\"elementor-field-textual elementor-field  elementor-size-md\" name=\"form_fields[field_0141726]\" id=\"form-field-field_0141726\" rows=\"4\" placeholder=\"Message\" required=\"required\"><\/textarea>\t\t\t\t<\/div>\n\t\t\t\t\t\t\t\t<div class=\"elementor-field-type-checkbox elementor-field-group elementor-column elementor-field-group-contact_chkbox elementor-col-100\">\n\t\t\t\t\t\t\t\t\t\t\t\t<label for=\"form-field-contact_chkbox\" class=\"elementor-field-label elementor-screen-only\">\n\t\t\t\t\t\t\t\tCheckbox\t\t\t\t\t\t\t<\/label>\n\t\t\t\t\t\t<div class=\"elementor-field-subgroup  \"><span class=\"elementor-field-option\"><input type=\"checkbox\" value=\"J\u2019ai lu et je suis d\u2019accord avec &lt;a href=&quot;https:\/\/www.iubenda.com\/privacy-policy\/98870819&quot; target=&quot;_blank&quot; rel=&quot;noopener noreferrer&quot; style=&quot;color: #08113b; font-size: 15px; text-decoration: underline;&quot;&gt;la politique de confidentialit\u00e9&lt;\/a&gt;\" id=\"form-field-contact_chkbox-0\" name=\"form_fields[contact_chkbox]\"> <label for=\"form-field-contact_chkbox-0\">J\u2019ai lu et je suis d\u2019accord avec <a href=\"https:\/\/www.iubenda.com\/privacy-policy\/98870819\" target=\"_blank\" rel=\"noopener noreferrer\" style=\"color: #08113b; font-size: 15px; text-decoration: underline;\">la politique de confidentialit\u00e9<\/a><\/label><\/span><\/div>\t\t\t\t<\/div>\n\t\t\t\t\t\t\t\t<div class=\"elementor-field-group elementor-column elementor-field-type-submit elementor-col-50 e-form__buttons\">\n\t\t\t\t\t<button class=\"elementor-button elementor-size-sm\" type=\"submit\" id=\"contact_send\">\n\t\t\t\t\t\t<span class=\"elementor-button-content-wrapper\">\n\t\t\t\t\t\t\t\t\t\t\t\t\t\t\t\t\t\t\t\t\t\t<span class=\"elementor-button-text\">Envoyer<\/span>\n\t\t\t\t\t\t\t\t\t\t\t\t\t<\/span>\n\t\t\t\t\t<\/button>\n\t\t\t\t<\/div>\n\t\t\t<\/div>\n\t\t<\/form>\n\t\t\t\t\t\t<\/div>\n\t\t\t\t<\/div>\n\t\t\t\t\t<\/div>\n\t\t<\/div>\n\t\t\t\t\t<\/div>\n\t\t<\/section>\n\t\t\t\t<\/div>\n\t\t","protected":false},"excerpt":{"rendered":"<p>\u00cates-vous pr\u00eat \u00e0commencer unprogramme d\u2019accompagnement NAP ? Fixez un rdv telephonique gratuit avec nous Je suis pr\u00eat(e) ! Avez-vous d\u2019autres questions ? Si vous souhaitez en savoir plus sur nos services ou prendre rendez-vous pour une consultation priv\u00e9e, n\u2019h\u00e9sitez pas \u00e0 nous contacter ! Email info@nannaporter.com<\/p>\n","protected":false},"author":1,"featured_media":0,"parent":0,"menu_order":0,"comment_status":"closed","ping_status":"closed","template":"","meta":{"footnotes":""},"class_list":["post-1904","page","type-page","status-publish","hentry"],"yoast_head":"<!-- This site is optimized with the Yoast SEO plugin v26.2 - https:\/\/yoast.com\/wordpress\/plugins\/seo\/ -->\n<title>Contact us | the first 20-minute discovery call is free<\/title>\n<meta name=\"description\" content=\"\u00cates-vous pr\u00eat \u00e0 commencer un programme d\u2019accompagnement NAP ? Fixez un rdv telephonique gratuit avec nous Je suis pr\u00eat(e) ! Avez-vous d\u2019autres questions ? Si vous souhaitez en savoir plus sur nos services ou prendre rendez-vous pour une consultation priv\u00e9e, n\u2019h\u00e9sitez pas \u00e0 nous contacter ! Email info@nannaporter.com\" \/>\n<meta name=\"robots\" content=\"index, follow, max-snippet:-1, max-image-preview:large, max-video-preview:-1\" \/>\n<link rel=\"canonical\" href=\"https:\/\/nannaporter.com\/fr\/contact\/\" \/>\n<meta property=\"og:locale\" content=\"fr_FR\" \/>\n<meta property=\"og:type\" content=\"article\" \/>\n<meta property=\"og:title\" content=\"Contact us | the first 20-minute discovery call is free\" \/>\n<meta property=\"og:description\" content=\"\u00cates-vous pr\u00eat \u00e0 commencer un programme d\u2019accompagnement NAP ? Fixez un rdv telephonique gratuit avec nous Je suis pr\u00eat(e) ! Avez-vous d\u2019autres questions ? Si vous souhaitez en savoir plus sur nos services ou prendre rendez-vous pour une consultation priv\u00e9e, n\u2019h\u00e9sitez pas \u00e0 nous contacter ! Email info@nannaporter.com\" \/>\n<meta property=\"og:url\" content=\"https:\/\/nannaporter.com\/fr\/contact\/\" \/>\n<meta property=\"og:site_name\" content=\"Nanna A Porter\" \/>\n<meta property=\"article:publisher\" content=\"https:\/\/www.facebook.com\/nanna.a.porter\" \/>\n<meta property=\"article:modified_time\" content=\"2025-04-12T08:03:49+00:00\" \/>\n<meta name=\"twitter:card\" content=\"summary_large_image\" \/>\n<meta name=\"twitter:label1\" content=\"Dur\u00e9e de lecture estim\u00e9e\" \/>\n\t<meta name=\"twitter:data1\" content=\"1 minute\" \/>\n<script type=\"application\/ld+json\" class=\"yoast-schema-graph\">{\"@context\":\"https:\/\/schema.org\",\"@graph\":[{\"@type\":\"WebPage\",\"@id\":\"https:\/\/nannaporter.com\/fr\/contact\/\",\"url\":\"https:\/\/nannaporter.com\/fr\/contact\/\",\"name\":\"Contact us | the first 20-minute discovery call is free\",\"isPartOf\":{\"@id\":\"https:\/\/nannaporter.com\/fr\/#website\"},\"datePublished\":\"2023-06-15T15:47:37+00:00\",\"dateModified\":\"2025-04-12T08:03:49+00:00\",\"description\":\"\u00cates-vous pr\u00eat \u00e0 commencer un programme d\u2019accompagnement NAP ? Fixez un rdv telephonique gratuit avec nous Je suis pr\u00eat(e) ! Avez-vous d\u2019autres questions ? Si vous souhaitez en savoir plus sur nos services ou prendre rendez-vous pour une consultation priv\u00e9e, n\u2019h\u00e9sitez pas \u00e0 nous contacter ! Email info@nannaporter.com\",\"breadcrumb\":{\"@id\":\"https:\/\/nannaporter.com\/fr\/contact\/#breadcrumb\"},\"inLanguage\":\"fr-FR\",\"potentialAction\":[{\"@type\":\"ReadAction\",\"target\":[\"https:\/\/nannaporter.com\/fr\/contact\/\"]}]},{\"@type\":\"BreadcrumbList\",\"@id\":\"https:\/\/nannaporter.com\/fr\/contact\/#breadcrumb\",\"itemListElement\":[{\"@type\":\"ListItem\",\"position\":1,\"name\":\"Home\",\"item\":\"https:\/\/nannaporter.com\/fr\/\"},{\"@type\":\"ListItem\",\"position\":2,\"name\":\"Contact\"}]},{\"@type\":\"WebSite\",\"@id\":\"https:\/\/nannaporter.com\/fr\/#website\",\"url\":\"https:\/\/nannaporter.com\/fr\/\",\"name\":\"Nanna A Porter\",\"description\":\"Holistic Sleep Consulting\",\"publisher\":{\"@id\":\"https:\/\/nannaporter.com\/fr\/#organization\"},\"potentialAction\":[{\"@type\":\"SearchAction\",\"target\":{\"@type\":\"EntryPoint\",\"urlTemplate\":\"https:\/\/nannaporter.com\/fr\/?s={search_term_string}\"},\"query-input\":{\"@type\":\"PropertyValueSpecification\",\"valueRequired\":true,\"valueName\":\"search_term_string\"}}],\"inLanguage\":\"fr-FR\"},{\"@type\":\"Organization\",\"@id\":\"https:\/\/nannaporter.com\/fr\/#organization\",\"name\":\"Nanna A Porter\",\"url\":\"https:\/\/nannaporter.com\/fr\/\",\"logo\":{\"@type\":\"ImageObject\",\"inLanguage\":\"fr-FR\",\"@id\":\"https:\/\/nannaporter.com\/fr\/#\/schema\/logo\/image\/\",\"url\":\"https:\/\/nannaporter.com\/wp-content\/uploads\/2023\/06\/cropped-favicon.png\",\"contentUrl\":\"https:\/\/nannaporter.com\/wp-content\/uploads\/2023\/06\/cropped-favicon.png\",\"width\":512,\"height\":512,\"caption\":\"Nanna A Porter\"},\"image\":{\"@id\":\"https:\/\/nannaporter.com\/fr\/#\/schema\/logo\/image\/\"},\"sameAs\":[\"https:\/\/www.facebook.com\/nanna.a.porter\",\"https:\/\/www.instagram.com\/nanna.a.porter\"]}]}<\/script>\n<!-- \/ Yoast SEO plugin. -->","yoast_head_json":{"title":"Contact us | the first 20-minute discovery call is free","description":"\u00cates-vous pr\u00eat \u00e0 commencer un programme d\u2019accompagnement NAP ? Fixez un rdv telephonique gratuit avec nous Je suis pr\u00eat(e) ! Avez-vous d\u2019autres questions ? Si vous souhaitez en savoir plus sur nos services ou prendre rendez-vous pour une consultation priv\u00e9e, n\u2019h\u00e9sitez pas \u00e0 nous contacter ! Email info@nannaporter.com","robots":{"index":"index","follow":"follow","max-snippet":"max-snippet:-1","max-image-preview":"max-image-preview:large","max-video-preview":"max-video-preview:-1"},"canonical":"https:\/\/nannaporter.com\/fr\/contact\/","og_locale":"fr_FR","og_type":"article","og_title":"Contact us | the first 20-minute discovery call is free","og_description":"\u00cates-vous pr\u00eat \u00e0 commencer un programme d\u2019accompagnement NAP ? Fixez un rdv telephonique gratuit avec nous Je suis pr\u00eat(e) ! Avez-vous d\u2019autres questions ? Si vous souhaitez en savoir plus sur nos services ou prendre rendez-vous pour une consultation priv\u00e9e, n\u2019h\u00e9sitez pas \u00e0 nous contacter ! Email info@nannaporter.com","og_url":"https:\/\/nannaporter.com\/fr\/contact\/","og_site_name":"Nanna A Porter","article_publisher":"https:\/\/www.facebook.com\/nanna.a.porter","article_modified_time":"2025-04-12T08:03:49+00:00","twitter_card":"summary_large_image","twitter_misc":{"Dur\u00e9e de lecture estim\u00e9e":"1 minute"},"schema":{"@context":"https:\/\/schema.org","@graph":[{"@type":"WebPage","@id":"https:\/\/nannaporter.com\/fr\/contact\/","url":"https:\/\/nannaporter.com\/fr\/contact\/","name":"Contact us | the first 20-minute discovery call is free","isPartOf":{"@id":"https:\/\/nannaporter.com\/fr\/#website"},"datePublished":"2023-06-15T15:47:37+00:00","dateModified":"2025-04-12T08:03:49+00:00","description":"\u00cates-vous pr\u00eat \u00e0 commencer un programme d\u2019accompagnement NAP ? Fixez un rdv telephonique gratuit avec nous Je suis pr\u00eat(e) ! Avez-vous d\u2019autres questions ? Si vous souhaitez en savoir plus sur nos services ou prendre rendez-vous pour une consultation priv\u00e9e, n\u2019h\u00e9sitez pas \u00e0 nous contacter ! Email info@nannaporter.com","breadcrumb":{"@id":"https:\/\/nannaporter.com\/fr\/contact\/#breadcrumb"},"inLanguage":"fr-FR","potentialAction":[{"@type":"ReadAction","target":["https:\/\/nannaporter.com\/fr\/contact\/"]}]},{"@type":"BreadcrumbList","@id":"https:\/\/nannaporter.com\/fr\/contact\/#breadcrumb","itemListElement":[{"@type":"ListItem","position":1,"name":"Home","item":"https:\/\/nannaporter.com\/fr\/"},{"@type":"ListItem","position":2,"name":"Contact"}]},{"@type":"WebSite","@id":"https:\/\/nannaporter.com\/fr\/#website","url":"https:\/\/nannaporter.com\/fr\/","name":"Nanna A Porter","description":"Holistic Sleep Consulting","publisher":{"@id":"https:\/\/nannaporter.com\/fr\/#organization"},"potentialAction":[{"@type":"SearchAction","target":{"@type":"EntryPoint","urlTemplate":"https:\/\/nannaporter.com\/fr\/?s={search_term_string}"},"query-input":{"@type":"PropertyValueSpecification","valueRequired":true,"valueName":"search_term_string"}}],"inLanguage":"fr-FR"},{"@type":"Organization","@id":"https:\/\/nannaporter.com\/fr\/#organization","name":"Nanna A Porter","url":"https:\/\/nannaporter.com\/fr\/","logo":{"@type":"ImageObject","inLanguage":"fr-FR","@id":"https:\/\/nannaporter.com\/fr\/#\/schema\/logo\/image\/","url":"https:\/\/nannaporter.com\/wp-content\/uploads\/2023\/06\/cropped-favicon.png","contentUrl":"https:\/\/nannaporter.com\/wp-content\/uploads\/2023\/06\/cropped-favicon.png","width":512,"height":512,"caption":"Nanna A Porter"},"image":{"@id":"https:\/\/nannaporter.com\/fr\/#\/schema\/logo\/image\/"},"sameAs":["https:\/\/www.facebook.com\/nanna.a.porter","https:\/\/www.instagram.com\/nanna.a.porter"]}]}},"_links":{"self":[{"href":"https:\/\/nannaporter.com\/fr\/wp-json\/wp\/v2\/pages\/1904","targetHints":{"allow":["GET"]}}],"collection":[{"href":"https:\/\/nannaporter.com\/fr\/wp-json\/wp\/v2\/pages"}],"about":[{"href":"https:\/\/nannaporter.com\/fr\/wp-json\/wp\/v2\/types\/page"}],"author":[{"embeddable":true,"href":"https:\/\/nannaporter.com\/fr\/wp-json\/wp\/v2\/users\/1"}],"replies":[{"embeddable":true,"href":"https:\/\/nannaporter.com\/fr\/wp-json\/wp\/v2\/comments?post=1904"}],"version-history":[{"count":4,"href":"https:\/\/nannaporter.com\/fr\/wp-json\/wp\/v2\/pages\/1904\/revisions"}],"predecessor-version":[{"id":3172,"href":"https:\/\/nannaporter.com\/fr\/wp-json\/wp\/v2\/pages\/1904\/revisions\/3172"}],"wp:attachment":[{"href":"https:\/\/nannaporter.com\/fr\/wp-json\/wp\/v2\/media?parent=1904"}],"curies":[{"name":"wp","href":"https:\/\/api.w.org\/{rel}","templated":true}]}}